{"id":230,"date":"2019-03-06T12:19:03","date_gmt":"2019-03-06T12:19:03","guid":{"rendered":"https:\/\/colibriwp-work.colibriwp.com\/business-ii\/?page_id=230"},"modified":"2026-03-11T08:16:50","modified_gmt":"2026-03-11T08:16:50","slug":"about","status":"publish","type":"page","link":"https:\/\/wissebacher-kerweborscht.de\/?page_id=230","title":{"rendered":"Die Wissebacher Kerweborscht"},"content":{"rendered":"<div data-colibri-id=\"230-c1\" class=\"style-471 style-local-230-c1 position-relative\">\r\n  <!---->\r\n  <div data-colibri-component=\"section\" data-colibri-id=\"230-c2\" id=\"custom\" class=\"h-section h-section-global-spacing d-flex align-items-lg-center align-items-md-center align-items-center style-908 style-local-230-c2 position-relative\">\r\n    <!---->\r\n    <!---->\r\n    <div class=\"h-section-grid-container h-section-boxed-container\">\r\n      <!---->\r\n      <div data-colibri-id=\"230-c3\" class=\"h-row-container gutters-row-lg-2 gutters-row-md-2 gutters-row-0 gutters-row-v-lg-2 gutters-row-v-md-2 gutters-row-v-2 style-909 style-local-230-c3 position-relative\">\r\n        <!---->\r\n        <div class=\"h-row justify-content-lg-center justify-content-md-center justify-content-center align-items-lg-stretch align-items-md-stretch align-items-stretch gutters-col-lg-2 gutters-col-md-2 gutters-col-0 gutters-col-v-lg-2 gutters-col-v-md-2 gutters-col-v-2\">\r\n          <!---->\r\n          <div class=\"h-column h-column-container d-flex h-col-lg-auto h-col-md-auto h-col-auto style-910-outer style-local-230-c4-outer\">\r\n            <div data-colibri-id=\"230-c4\" class=\"d-flex h-flex-basis h-column__inner h-px-lg-2 h-px-md-2 h-px-2 v-inner-lg-2 v-inner-md-2 v-inner-2 style-910 style-local-230-c4 position-relative\">\r\n              <!---->\r\n              <!---->\r\n              <div class=\"w-100 h-y-container h-column__content h-column__v-align flex-basis-100 align-self-lg-start align-self-md-start align-self-start\">\r\n                <!---->\r\n                <div data-colibri-id=\"230-c5\" class=\"h-text h-text-component style-911 style-local-230-c5 position-relative h-element\">\r\n                  <!---->\r\n                  <!---->\r\n                  <div class=\"\">\r\n                    <p>Originaler Wortlaut aus den Gemeindenachrichten im Februar 1984&#8230;.<\/p>\r\n                    <p>Wissebacher Kerweborscht<\/p>\r\n                    <p>T \u00e4 t \u00e4 r \u00e4!<\/p>\r\n                    <p>Da sich die WKB in den letzten Jahren immer weiter zu einer kameradschaftlichen Gemeinschaft zusammengefunden hat, sind wir zu dem Entschlu\u00df gekommen, unsere Zusammenarbeit dadurch zu bekr\u00e4ftigen, einen offiziellen eingetragenen Verein\r\n                      zu gr\u00fcnden. Aus diesem Anla\u00df laden wir alle Freunde und G\u00f6nner zu der Gr\u00fcndungsversammlung der &#8222;Wissebacher Kerweborscht&#8220; am Freitag, dem 16.3.1984, im Gasthaus zum &#8222;Goldenen L\u00f6wen&#8220; um 20.00 Uhr, recht herzlich ein. Wir w\u00fcrden uns\r\n                      freuen, zahlreiche Interessenten zur Gr\u00fcndung unseres Vereins begr\u00fc\u00dfen zu k\u00f6nnen.&nbsp;<\/p>\r\n                    <p>T\u00e4t\u00e4r\u00e4!<\/p>\r\n                    <p>Die Kerweborscht<\/p>\r\n                    <p>\r\n                      <br>\r\n                    <\/p>\r\n                    <p>\r\n                      <br>\r\n                    <\/p>\r\n                    <p>\r\n                      <br>\r\n                    <\/p>\r\n                  <\/div>\r\n                <\/div>\r\n                <div data-colibri-id=\"230-c6\" class=\"h-text h-text-component style-920 style-local-230-c6 position-relative h-element\">\r\n                  <!---->\r\n                  <!---->\r\n                  <div class=\"\">\r\n                    <p>Souschel Medja Pr\u00e4ssenze:<\/p>\r\n                  <\/div>\r\n                <\/div>\r\n                <div data-colibri-id=\"230-c7\" class=\"h-x-container style-912 style-local-230-c7 position-relative h-element\">\r\n                  <!---->\r\n                  <div class=\"h-x-container-inner style-dynamic-230-c7-group style-912-spacing style-local-230-c7-spacing\"><span class=\"h-link__outer style-913-outer style-local-230-c8-outer d-inline-flex h-element\"><a h-use-smooth-scroll=\"true\" href=\"https:\/\/www.instagram.com\/wissebacher_kerweborscht\/\"  data-colibri-id=\"230-c8\" class=\"d-flex w-100 align-items-center h-link style-913 style-local-230-c8 position-relative\"><!----><!----> <span>Instagram<\/span><\/a>\r\n                    <\/span>\r\n                  <\/div>\r\n                <\/div>\r\n                <div data-colibri-id=\"230-c9\" class=\"h-x-container style-918 style-local-230-c9 position-relative h-element\">\r\n                  <!---->\r\n                  <div class=\"h-x-container-inner style-dynamic-230-c9-group style-918-spacing style-local-230-c9-spacing\"><span class=\"h-link__outer style-919-outer style-local-230-c10-outer d-inline-flex h-element\"><a h-use-smooth-scroll=\"true\" href=\"https:\/\/www.facebook.com\/WKB1985\/\"  data-colibri-id=\"230-c10\" class=\"d-flex w-100 align-items-center h-link style-919 style-local-230-c10 position-relative\"><!----><!----> <span>Facebook<\/span><\/a>\r\n                    <\/span>\r\n                  <\/div>\r\n                <\/div>\r\n              <\/div>\r\n            <\/div>\r\n          <\/div>\r\n        <\/div>\r\n      <\/div>\r\n      <div data-colibri-id=\"230-c11\" class=\"h-row-container gutters-row-lg-2 gutters-row-md-2 gutters-row-0 gutters-row-v-lg-2 gutters-row-v-md-2 gutters-row-v-2 style-921 style-local-230-c11 position-relative\">\r\n        <!---->\r\n        <div class=\"h-row justify-content-lg-center justify-content-md-center justify-content-center align-items-lg-stretch align-items-md-stretch align-items-stretch gutters-col-lg-2 gutters-col-md-2 gutters-col-0 gutters-col-v-lg-2 gutters-col-v-md-2 gutters-col-v-2\">\r\n          <!---->\r\n          <div class=\"h-column h-column-container d-flex h-col-lg-auto h-col-md-auto h-col-auto style-922-outer style-local-230-c12-outer\">\r\n            <div data-colibri-id=\"230-c12\" class=\"d-flex h-flex-basis h-column__inner h-px-lg-2 h-px-md-2 h-px-2 v-inner-lg-2 v-inner-md-2 v-inner-2 style-922 style-local-230-c12 position-relative\">\r\n              <!---->\r\n              <!---->\r\n              <div class=\"w-100 h-y-container h-column__content h-column__v-align flex-basis-100 align-self-lg-start align-self-md-start align-self-start\">\r\n                <!---->\r\n                <div data-colibri-id=\"230-c13\" class=\"h-text h-text-component style-923 style-local-230-c13 position-relative h-element\">\r\n                  <!---->\r\n                  <!---->\r\n                  <div class=\"\">\r\n                    <p>Unser Dorf:<\/p>\r\n                  <\/div>\r\n                <\/div>\r\n                <div data-colibri-id=\"230-c14\" class=\"h-x-container style-924 style-local-230-c14 position-relative h-element\">\r\n                  <!---->\r\n                  <div class=\"h-x-container-inner style-dynamic-230-c14-group style-924-spacing style-local-230-c14-spacing\"><span class=\"h-link__outer style-925-outer style-local-230-c15-outer d-inline-flex h-element\"><a h-use-smooth-scroll=\"true\" href=\"https:\/\/www.wiesenbach-online.de\/\"  data-colibri-id=\"230-c15\" class=\"d-flex w-100 align-items-center h-link style-925 style-local-230-c15 position-relative\"><!----><!----> <span>Gemeinde Wiesenbach<\/span><\/a>\r\n                    <\/span>\r\n                  <\/div>\r\n                <\/div>\r\n              <\/div>\r\n            <\/div>\r\n          <\/div>\r\n        <\/div>\r\n      <\/div>\r\n    <\/div>\r\n  <\/div>\r\n<\/div>","protected":false},"excerpt":{"rendered":"<p>Originaler Wortlaut aus den Gemeindenachrichten im Februar 1984&#8230;. Wissebacher Kerweborscht T \u00e4 t \u00e4 r \u00e4! Da sich die WKB in den letzten Jahren immer weiter zu einer kameradschaftlichen Gemeinschaft zusammengefunden hat, sind wir zu dem Entschlu\u00df gekommen, unsere Zusammenarbeit dadurch zu bekr\u00e4ftigen, einen offiziellen eingetragenen Verein zu gr\u00fcnden. Aus diesem Anla\u00df laden wir alle [&hellip;]<\/p>\n","protected":false},"author":1,"featured_media":0,"parent":0,"menu_order":0,"comment_status":"closed","ping_status":"closed","template":"page-templates\/full-width-page.php","meta":[],"_links":{"self":[{"href":"https:\/\/wissebacher-kerweborscht.de\/index.php?rest_route=\/wp\/v2\/pages\/230"}],"collection":[{"href":"https:\/\/wissebacher-kerweborscht.de\/index.php?rest_route=\/wp\/v2\/pages"}],"about":[{"href":"https:\/\/wissebacher-kerweborscht.de\/index.php?rest_route=\/wp\/v2\/types\/page"}],"author":[{"embeddable":true,"href":"https:\/\/wissebacher-kerweborscht.de\/index.php?rest_route=\/wp\/v2\/users\/1"}],"replies":[{"embeddable":true,"href":"https:\/\/wissebacher-kerweborscht.de\/index.php?rest_route=%2Fwp%2Fv2%2Fcomments&post=230"}],"version-history":[{"count":8,"href":"https:\/\/wissebacher-kerweborscht.de\/index.php?rest_route=\/wp\/v2\/pages\/230\/revisions"}],"predecessor-version":[{"id":1315,"href":"https:\/\/wissebacher-kerweborscht.de\/index.php?rest_route=\/wp\/v2\/pages\/230\/revisions\/1315"}],"wp:attachment":[{"href":"https:\/\/wissebacher-kerweborscht.de\/index.php?rest_route=%2Fwp%2Fv2%2Fmedia&parent=230"}],"curies":[{"name":"wp","href":"https:\/\/api.w.org\/{rel}","templated":true}]}}